{"id":146,"date":"2025-02-20T12:58:14","date_gmt":"2025-02-20T11:58:14","guid":{"rendered":"https:\/\/bickwordpress-a9f0fqcda3hrd4e7.germanywestcentral-01.azurewebsites.net\/produkte\/"},"modified":"2025-03-07T11:34:21","modified_gmt":"2025-03-07T10:34:21","slug":"produkte","status":"publish","type":"page","link":"https:\/\/office-extensions.com\/de\/produkte\/","title":{"rendered":"Produkte"},"content":{"rendered":"<div id=\"cs-content\" class=\"cs-content\"><\/div>\n","protected":false},"excerpt":{"rendered":"<p>HomeProdukteXinvoiceEN 16931Leistungsstarkes Microsoft Office Addon zur Erstellung von ZUGFeRD PDF-Rechnungen. Verwenden Sie das Standard-Microsoft Office zur Erf\u00fcllung von EN 16931.Mehr<\/p>\n","protected":false},"author":1,"featured_media":0,"parent":0,"menu_order":0,"comment_status":"closed","ping_status":"closed","template":"template-blank-4.php","meta":{"footnotes":""},"class_list":["post-146","page","type-page","status-publish","hentry","no-post-thumbnail"],"yoast_head":"<!-- This site is optimized with the Yoast SEO plugin v24.5 - https:\/\/yoast.com\/wordpress\/plugins\/seo\/ -->\n<title>Erweiterungen f\u00fcr Microsoft Office<\/title>\n<meta name=\"description\" content=\"Alle Erweiterungsprodukte f\u00fcr Microsoft Office anzeigen. Steigern Sie die Produktivit\u00e4t Ihres Unternehmens mit diesen sofort einsatzbereiten L\u00f6sungen.\" \/>\n<meta name=\"robots\" content=\"index, follow, max-snippet:-1, max-image-preview:large, max-video-preview:-1\" \/>\n<link rel=\"canonical\" href=\"https:\/\/office-extensions.com\/de\/produkte\/\" \/>\n<meta property=\"og:locale\" content=\"de_DE\" \/>\n<meta property=\"og:type\" content=\"article\" \/>\n<meta property=\"og:title\" content=\"Office Extensions Produkte\" \/>\n<meta property=\"og:description\" content=\"Sehen Sie unsere sofort einsatzbereiten Produkte, die in Ihrem Office Extensions-Abonnement enthalten sind\" \/>\n<meta property=\"og:url\" content=\"https:\/\/office-extensions.com\/de\/produkte\/\" \/>\n<meta property=\"og:site_name\" content=\"Office Extensions\" \/>\n<meta property=\"article:modified_time\" content=\"2025-03-07T10:34:21+00:00\" \/>\n<meta property=\"og:image\" content=\"https:\/\/9d57a12f21-endpoint.azureedge.net\/wpblob9d57a12f21\/wp-content\/uploads\/2025\/03\/SocialCardProducts_General-1024x538.png\" \/>\n<meta name=\"twitter:card\" content=\"summary_large_image\" \/>\n<meta name=\"twitter:title\" content=\"Office Extensions Produkte\" \/>\n<meta name=\"twitter:description\" content=\"Sehen Sie unsere sofort einsatzbereiten Produkte, die in Ihrem Office Extensions-Abonnement enthalten sind\" \/>\n<meta name=\"twitter:image\" content=\"https:\/\/9d57a12f21-endpoint.azureedge.net\/wpblob9d57a12f21\/wp-content\/uploads\/2025\/03\/SocialCardProducts_General-1024x538.png\" \/>\n<meta name=\"twitter:label1\" content=\"Gesch\u00e4tzte Lesezeit\" \/>\n\t<meta name=\"twitter:data1\" content=\"1\u00a0Minute\" \/>\n<script type=\"application\/ld+json\" class=\"yoast-schema-graph\">{\"@context\":\"https:\/\/schema.org\",\"@graph\":[{\"@type\":\"WebPage\",\"@id\":\"https:\/\/office-extensions.com\/de\/produkte\/\",\"url\":\"https:\/\/office-extensions.com\/de\/produkte\/\",\"name\":\"Erweiterungen f\u00fcr Microsoft Office\",\"isPartOf\":{\"@id\":\"https:\/\/office-extensions.com\/de\/#website\"},\"datePublished\":\"2025-02-20T11:58:14+00:00\",\"dateModified\":\"2025-03-07T10:34:21+00:00\",\"description\":\"Alle Erweiterungsprodukte f\u00fcr Microsoft Office anzeigen. Steigern Sie die Produktivit\u00e4t Ihres Unternehmens mit diesen sofort einsatzbereiten L\u00f6sungen.\",\"breadcrumb\":{\"@id\":\"https:\/\/office-extensions.com\/de\/produkte\/#breadcrumb\"},\"inLanguage\":\"de\",\"potentialAction\":[{\"@type\":\"ReadAction\",\"target\":[\"https:\/\/office-extensions.com\/de\/produkte\/\"]}]},{\"@type\":\"BreadcrumbList\",\"@id\":\"https:\/\/office-extensions.com\/de\/produkte\/#breadcrumb\",\"itemListElement\":[{\"@type\":\"ListItem\",\"position\":1,\"name\":\"Home\",\"item\":\"https:\/\/office-extensions.com\/de\/startseite\/\"},{\"@type\":\"ListItem\",\"position\":2,\"name\":\"Produkte\"}]},{\"@type\":\"WebSite\",\"@id\":\"https:\/\/office-extensions.com\/de\/#website\",\"url\":\"https:\/\/office-extensions.com\/de\/\",\"name\":\"Office Extensions\",\"description\":\"Official Homepage\",\"potentialAction\":[{\"@type\":\"SearchAction\",\"target\":{\"@type\":\"EntryPoint\",\"urlTemplate\":\"https:\/\/office-extensions.com\/de\/?s={search_term_string}\"},\"query-input\":{\"@type\":\"PropertyValueSpecification\",\"valueRequired\":true,\"valueName\":\"search_term_string\"}}],\"inLanguage\":\"de\"}]}<\/script>\n<!-- \/ Yoast SEO plugin. -->","yoast_head_json":{"title":"Erweiterungen f\u00fcr Microsoft Office","description":"Alle Erweiterungsprodukte f\u00fcr Microsoft Office anzeigen. Steigern Sie die Produktivit\u00e4t Ihres Unternehmens mit diesen sofort einsatzbereiten L\u00f6sungen.","robots":{"index":"index","follow":"follow","max-snippet":"max-snippet:-1","max-image-preview":"max-image-preview:large","max-video-preview":"max-video-preview:-1"},"canonical":"https:\/\/office-extensions.com\/de\/produkte\/","og_locale":"de_DE","og_type":"article","og_title":"Office Extensions Produkte","og_description":"Sehen Sie unsere sofort einsatzbereiten Produkte, die in Ihrem Office Extensions-Abonnement enthalten sind","og_url":"https:\/\/office-extensions.com\/de\/produkte\/","og_site_name":"Office Extensions","article_modified_time":"2025-03-07T10:34:21+00:00","og_image":[{"url":"https:\/\/9d57a12f21-endpoint.azureedge.net\/wpblob9d57a12f21\/wp-content\/uploads\/2025\/03\/SocialCardProducts_General-1024x538.png","type":"","width":"","height":""}],"twitter_card":"summary_large_image","twitter_title":"Office Extensions Produkte","twitter_description":"Sehen Sie unsere sofort einsatzbereiten Produkte, die in Ihrem Office Extensions-Abonnement enthalten sind","twitter_image":"https:\/\/9d57a12f21-endpoint.azureedge.net\/wpblob9d57a12f21\/wp-content\/uploads\/2025\/03\/SocialCardProducts_General-1024x538.png","twitter_misc":{"Gesch\u00e4tzte Lesezeit":"1\u00a0Minute"},"schema":{"@context":"https:\/\/schema.org","@graph":[{"@type":"WebPage","@id":"https:\/\/office-extensions.com\/de\/produkte\/","url":"https:\/\/office-extensions.com\/de\/produkte\/","name":"Erweiterungen f\u00fcr Microsoft Office","isPartOf":{"@id":"https:\/\/office-extensions.com\/de\/#website"},"datePublished":"2025-02-20T11:58:14+00:00","dateModified":"2025-03-07T10:34:21+00:00","description":"Alle Erweiterungsprodukte f\u00fcr Microsoft Office anzeigen. Steigern Sie die Produktivit\u00e4t Ihres Unternehmens mit diesen sofort einsatzbereiten L\u00f6sungen.","breadcrumb":{"@id":"https:\/\/office-extensions.com\/de\/produkte\/#breadcrumb"},"inLanguage":"de","potentialAction":[{"@type":"ReadAction","target":["https:\/\/office-extensions.com\/de\/produkte\/"]}]},{"@type":"BreadcrumbList","@id":"https:\/\/office-extensions.com\/de\/produkte\/#breadcrumb","itemListElement":[{"@type":"ListItem","position":1,"name":"Home","item":"https:\/\/office-extensions.com\/de\/startseite\/"},{"@type":"ListItem","position":2,"name":"Produkte"}]},{"@type":"WebSite","@id":"https:\/\/office-extensions.com\/de\/#website","url":"https:\/\/office-extensions.com\/de\/","name":"Office Extensions","description":"Official Homepage","potentialAction":[{"@type":"SearchAction","target":{"@type":"EntryPoint","urlTemplate":"https:\/\/office-extensions.com\/de\/?s={search_term_string}"},"query-input":{"@type":"PropertyValueSpecification","valueRequired":true,"valueName":"search_term_string"}}],"inLanguage":"de"}]}},"_links":{"self":[{"href":"https:\/\/office-extensions.com\/de\/wp-json\/wp\/v2\/pages\/146","targetHints":{"allow":["GET"]}}],"collection":[{"href":"https:\/\/office-extensions.com\/de\/wp-json\/wp\/v2\/pages"}],"about":[{"href":"https:\/\/office-extensions.com\/de\/wp-json\/wp\/v2\/types\/page"}],"author":[{"embeddable":true,"href":"https:\/\/office-extensions.com\/de\/wp-json\/wp\/v2\/users\/1"}],"replies":[{"embeddable":true,"href":"https:\/\/office-extensions.com\/de\/wp-json\/wp\/v2\/comments?post=146"}],"version-history":[{"count":4,"href":"https:\/\/office-extensions.com\/de\/wp-json\/wp\/v2\/pages\/146\/revisions"}],"predecessor-version":[{"id":491,"href":"https:\/\/office-extensions.com\/de\/wp-json\/wp\/v2\/pages\/146\/revisions\/491"}],"wp:attachment":[{"href":"https:\/\/office-extensions.com\/de\/wp-json\/wp\/v2\/media?parent=146"}],"curies":[{"name":"wp","href":"https:\/\/api.w.org\/{rel}","templated":true}]}}