{"id":27,"date":"2025-02-18T14:08:02","date_gmt":"2025-02-18T14:08:02","guid":{"rendered":"https:\/\/bickwordpress-a9f0fqcda3hrd4e7.germanywestcentral-01.azurewebsites.net\/?page_id=27"},"modified":"2025-03-09T12:27:04","modified_gmt":"2025-03-09T11:27:04","slug":"legal-notice","status":"publish","type":"page","link":"https:\/\/office-extensions.com\/de\/legal-notice\/","title":{"rendered":"Impressum"},"content":{"rendered":"<div id=\"cs-content\" class=\"cs-content\"><\/div>\n","protected":false},"excerpt":{"rendered":"<p>HomeIMPRESSUMHerausgeberbickard Consulting GmbH Aegidienberger Str. 23 50939 K\u00f6ln Email: info@office-extensions.comBevollm&auml;chtigtRomuald SivickiRegisterHRB 104483 (District court of Cologne, Germany)Umsatzsteuer-IdentifikationsnummerDE 339672100Endnutzer-LizenzvereinbarungEULA (DE)EULA (EN)Urheberrecht &amp; Haftungsausschluss\u00a9 2025 bickard GmbH. Alle Inhalte dieser Website, einschlie\u00dflich Texte, Bilder, Grafiken und Medien, sind urheberrechtlich gesch\u00fctzt. Jede Nutzung, Vervielf\u00e4ltigung oder Weitergabe ohne ausdr\u00fcckliche Genehmigung ist untersagt. Trotz sorgf\u00e4ltiger &#8230; <\/p>\n<div><a href=\"https:\/\/office-extensions.com\/de\/legal-notice\/\" class=\"more-link\">Read More<\/a><\/div>\n","protected":false},"author":1,"featured_media":0,"parent":0,"menu_order":0,"comment_status":"closed","ping_status":"closed","template":"template-blank-4.php","meta":{"footnotes":""},"class_list":["post-27","page","type-page","status-publish","hentry","no-post-thumbnail"],"yoast_head":"<!-- This site is optimized with the Yoast SEO plugin v24.5 - https:\/\/yoast.com\/wordpress\/plugins\/seo\/ -->\n<title>Impressum - Office Extensions<\/title>\n<meta name=\"description\" content=\"Hier finden Sie alle rechtlichen Informationen \u00fcber den Herausgeber der Homepage und die aktuellste EULA Version f\u00fcr Office Extensions\" \/>\n<meta name=\"robots\" content=\"noindex, follow\" \/>\n<meta property=\"og:locale\" content=\"de_DE\" \/>\n<meta property=\"og:type\" content=\"article\" \/>\n<meta property=\"og:title\" content=\"Impressum - Office Extensions\" \/>\n<meta property=\"og:description\" content=\"Hier finden Sie alle rechtlichen Informationen \u00fcber den Herausgeber der Homepage und die aktuellste EULA Version f\u00fcr Office Extensions\" \/>\n<meta property=\"og:url\" content=\"https:\/\/office-extensions.com\/de\/legal-notice\/\" \/>\n<meta property=\"og:site_name\" content=\"Office Extensions\" \/>\n<meta property=\"article:modified_time\" content=\"2025-03-09T11:27:04+00:00\" \/>\n<meta name=\"twitter:card\" content=\"summary_large_image\" \/>\n<meta name=\"twitter:label1\" content=\"Gesch\u00e4tzte Lesezeit\" \/>\n\t<meta name=\"twitter:data1\" content=\"1\u00a0Minute\" \/>\n<script type=\"application\/ld+json\" class=\"yoast-schema-graph\">{\"@context\":\"https:\/\/schema.org\",\"@graph\":[{\"@type\":\"WebPage\",\"@id\":\"https:\/\/office-extensions.com\/de\/legal-notice\/\",\"url\":\"https:\/\/office-extensions.com\/de\/legal-notice\/\",\"name\":\"Impressum - Office Extensions\",\"isPartOf\":{\"@id\":\"https:\/\/office-extensions.com\/de\/#website\"},\"datePublished\":\"2025-02-18T14:08:02+00:00\",\"dateModified\":\"2025-03-09T11:27:04+00:00\",\"description\":\"Hier finden Sie alle rechtlichen Informationen \u00fcber den Herausgeber der Homepage und die aktuellste EULA Version f\u00fcr Office Extensions\",\"breadcrumb\":{\"@id\":\"https:\/\/office-extensions.com\/de\/legal-notice\/#breadcrumb\"},\"inLanguage\":\"de\",\"potentialAction\":[{\"@type\":\"ReadAction\",\"target\":[\"https:\/\/office-extensions.com\/de\/legal-notice\/\"]}]},{\"@type\":\"BreadcrumbList\",\"@id\":\"https:\/\/office-extensions.com\/de\/legal-notice\/#breadcrumb\",\"itemListElement\":[{\"@type\":\"ListItem\",\"position\":1,\"name\":\"Home\",\"item\":\"https:\/\/office-extensions.com\/de\/startseite\/\"},{\"@type\":\"ListItem\",\"position\":2,\"name\":\"Impressum\"}]},{\"@type\":\"WebSite\",\"@id\":\"https:\/\/office-extensions.com\/de\/#website\",\"url\":\"https:\/\/office-extensions.com\/de\/\",\"name\":\"Office Extensions\",\"description\":\"Official Homepage\",\"potentialAction\":[{\"@type\":\"SearchAction\",\"target\":{\"@type\":\"EntryPoint\",\"urlTemplate\":\"https:\/\/office-extensions.com\/de\/?s={search_term_string}\"},\"query-input\":{\"@type\":\"PropertyValueSpecification\",\"valueRequired\":true,\"valueName\":\"search_term_string\"}}],\"inLanguage\":\"de\"}]}<\/script>\n<!-- \/ Yoast SEO plugin. -->","yoast_head_json":{"title":"Impressum - Office Extensions","description":"Hier finden Sie alle rechtlichen Informationen \u00fcber den Herausgeber der Homepage und die aktuellste EULA Version f\u00fcr Office Extensions","robots":{"index":"noindex","follow":"follow"},"og_locale":"de_DE","og_type":"article","og_title":"Impressum - Office Extensions","og_description":"Hier finden Sie alle rechtlichen Informationen \u00fcber den Herausgeber der Homepage und die aktuellste EULA Version f\u00fcr Office Extensions","og_url":"https:\/\/office-extensions.com\/de\/legal-notice\/","og_site_name":"Office Extensions","article_modified_time":"2025-03-09T11:27:04+00:00","twitter_card":"summary_large_image","twitter_misc":{"Gesch\u00e4tzte Lesezeit":"1\u00a0Minute"},"schema":{"@context":"https:\/\/schema.org","@graph":[{"@type":"WebPage","@id":"https:\/\/office-extensions.com\/de\/legal-notice\/","url":"https:\/\/office-extensions.com\/de\/legal-notice\/","name":"Impressum - Office Extensions","isPartOf":{"@id":"https:\/\/office-extensions.com\/de\/#website"},"datePublished":"2025-02-18T14:08:02+00:00","dateModified":"2025-03-09T11:27:04+00:00","description":"Hier finden Sie alle rechtlichen Informationen \u00fcber den Herausgeber der Homepage und die aktuellste EULA Version f\u00fcr Office Extensions","breadcrumb":{"@id":"https:\/\/office-extensions.com\/de\/legal-notice\/#breadcrumb"},"inLanguage":"de","potentialAction":[{"@type":"ReadAction","target":["https:\/\/office-extensions.com\/de\/legal-notice\/"]}]},{"@type":"BreadcrumbList","@id":"https:\/\/office-extensions.com\/de\/legal-notice\/#breadcrumb","itemListElement":[{"@type":"ListItem","position":1,"name":"Home","item":"https:\/\/office-extensions.com\/de\/startseite\/"},{"@type":"ListItem","position":2,"name":"Impressum"}]},{"@type":"WebSite","@id":"https:\/\/office-extensions.com\/de\/#website","url":"https:\/\/office-extensions.com\/de\/","name":"Office Extensions","description":"Official Homepage","potentialAction":[{"@type":"SearchAction","target":{"@type":"EntryPoint","urlTemplate":"https:\/\/office-extensions.com\/de\/?s={search_term_string}"},"query-input":{"@type":"PropertyValueSpecification","valueRequired":true,"valueName":"search_term_string"}}],"inLanguage":"de"}]}},"_links":{"self":[{"href":"https:\/\/office-extensions.com\/de\/wp-json\/wp\/v2\/pages\/27","targetHints":{"allow":["GET"]}}],"collection":[{"href":"https:\/\/office-extensions.com\/de\/wp-json\/wp\/v2\/pages"}],"about":[{"href":"https:\/\/office-extensions.com\/de\/wp-json\/wp\/v2\/types\/page"}],"author":[{"embeddable":true,"href":"https:\/\/office-extensions.com\/de\/wp-json\/wp\/v2\/users\/1"}],"replies":[{"embeddable":true,"href":"https:\/\/office-extensions.com\/de\/wp-json\/wp\/v2\/comments?post=27"}],"version-history":[{"count":9,"href":"https:\/\/office-extensions.com\/de\/wp-json\/wp\/v2\/pages\/27\/revisions"}],"predecessor-version":[{"id":87,"href":"https:\/\/office-extensions.com\/de\/wp-json\/wp\/v2\/pages\/27\/revisions\/87"}],"wp:attachment":[{"href":"https:\/\/office-extensions.com\/de\/wp-json\/wp\/v2\/media?parent=27"}],"curies":[{"name":"wp","href":"https:\/\/api.w.org\/{rel}","templated":true}]}}