{"id":320,"date":"2025-02-24T11:29:09","date_gmt":"2025-02-24T10:29:09","guid":{"rendered":"https:\/\/office-extensions.com\/startseite\/"},"modified":"2025-03-07T13:22:27","modified_gmt":"2025-03-07T12:22:27","slug":"startseite","status":"publish","type":"page","link":"https:\/\/office-extensions.com\/de\/","title":{"rendered":"Startseite"},"content":{"rendered":"<div id=\"cs-content\" class=\"cs-content\"><\/div>\n","protected":false},"excerpt":{"rendered":"<p>Microsoft\u00ae Office weitergedachtSteigern Sie Ihre Produktivit\u00e4t durch Erweiterung Ihrer Gesch\u00e4ftsanwendungenMicrosoft Office dominiert seit Jahrzehnten den Markt f\u00fcr B\u00fcrosoftware und ist der Industriestandard f\u00fcr Textverarbeitung (Word), Tabellenkalkulation (Excel) und Pr\u00e4sentationen (PowerPoint).Wir fangen dort an, wo Office aufh\u00f6rt und entwickeln professionelle Office-Erweiterungen.ProdukteWerfen Sie einen Blick auf unsere leistungsstarken L\u00f6sungen f\u00fcr verschiedene Anwendungsf\u00e4lleSehen &#8230; <\/p>\n<div><a href=\"https:\/\/office-extensions.com\/de\/\" class=\"more-link\">Read More<\/a><\/div>\n","protected":false},"author":1,"featured_media":0,"parent":0,"menu_order":0,"comment_status":"closed","ping_status":"closed","template":"template-blank-4.php","meta":{"footnotes":""},"class_list":["post-320","page","type-page","status-publish","hentry","no-post-thumbnail"],"yoast_head":"<!-- This site is optimized with the Yoast SEO plugin v24.5 - https:\/\/yoast.com\/wordpress\/plugins\/seo\/ -->\n<title>Profi-Microsoft Office Extensions<\/title>\n<meta name=\"description\" content=\"Steigern Sie Ihre Produktivit\u00e4t mit leistungsstarken Erweiterungen f\u00fcr Microsoft Office. Verbessern Sie Ihren Workflow in Word, Excel und mehr mit unseren innovativen L\u00f6sungen.\" \/>\n<meta name=\"robots\" content=\"index, follow, max-snippet:-1, max-image-preview:large, max-video-preview:-1\" \/>\n<link rel=\"canonical\" href=\"https:\/\/office-extensions.com\/de\/\" \/>\n<meta property=\"og:locale\" content=\"de_DE\" \/>\n<meta property=\"og:type\" content=\"article\" \/>\n<meta property=\"og:title\" content=\"Microsoft Office-Erweiterungen\" \/>\n<meta property=\"og:description\" content=\"Steigern Sie Ihre Produktivit\u00e4t mit unseren Microsoft Office Extensions.\" \/>\n<meta property=\"og:url\" content=\"https:\/\/office-extensions.com\/de\/\" \/>\n<meta property=\"og:site_name\" content=\"Office Extensions\" \/>\n<meta property=\"article:modified_time\" content=\"2025-03-07T12:22:27+00:00\" \/>\n<meta property=\"og:image\" content=\"https:\/\/9d57a12f21-endpoint.azureedge.net\/wpblob9d57a12f21\/wp-content\/uploads\/2025\/03\/SocialCard_General-1024x538.png\" \/>\n<meta name=\"twitter:card\" content=\"summary_large_image\" \/>\n<meta name=\"twitter:title\" content=\"Microsoft Office-Erweiterungen\" \/>\n<meta name=\"twitter:description\" content=\"Steigern Sie Ihre Produktivit\u00e4t mit unseren Microsoft Office Extensions.\" \/>\n<meta name=\"twitter:image\" content=\"https:\/\/9d57a12f21-endpoint.azureedge.net\/wpblob9d57a12f21\/wp-content\/uploads\/2025\/03\/SocialCard_General-1024x538.png\" \/>\n<meta name=\"twitter:label1\" content=\"Gesch\u00e4tzte Lesezeit\" \/>\n\t<meta name=\"twitter:data1\" content=\"3\u00a0Minuten\" \/>\n<script type=\"application\/ld+json\" class=\"yoast-schema-graph\">{\"@context\":\"https:\/\/schema.org\",\"@graph\":[{\"@type\":\"WebPage\",\"@id\":\"https:\/\/office-extensions.com\/de\/\",\"url\":\"https:\/\/office-extensions.com\/de\/\",\"name\":\"Profi-Microsoft Office Extensions\",\"isPartOf\":{\"@id\":\"https:\/\/office-extensions.com\/de\/#website\"},\"datePublished\":\"2025-02-24T10:29:09+00:00\",\"dateModified\":\"2025-03-07T12:22:27+00:00\",\"description\":\"Steigern Sie Ihre Produktivit\u00e4t mit leistungsstarken Erweiterungen f\u00fcr Microsoft Office. Verbessern Sie Ihren Workflow in Word, Excel und mehr mit unseren innovativen L\u00f6sungen.\",\"breadcrumb\":{\"@id\":\"https:\/\/office-extensions.com\/de\/#breadcrumb\"},\"inLanguage\":\"de\",\"potentialAction\":[{\"@type\":\"ReadAction\",\"target\":[\"https:\/\/office-extensions.com\/de\/\"]}]},{\"@type\":\"BreadcrumbList\",\"@id\":\"https:\/\/office-extensions.com\/de\/#breadcrumb\",\"itemListElement\":[{\"@type\":\"ListItem\",\"position\":1,\"name\":\"Home\",\"item\":\"https:\/\/office-extensions.com\/de\/startseite\/\"},{\"@type\":\"ListItem\",\"position\":2,\"name\":\"Startseite\"}]},{\"@type\":\"WebSite\",\"@id\":\"https:\/\/office-extensions.com\/de\/#website\",\"url\":\"https:\/\/office-extensions.com\/de\/\",\"name\":\"Office Extensions\",\"description\":\"Official Homepage\",\"potentialAction\":[{\"@type\":\"SearchAction\",\"target\":{\"@type\":\"EntryPoint\",\"urlTemplate\":\"https:\/\/office-extensions.com\/de\/?s={search_term_string}\"},\"query-input\":{\"@type\":\"PropertyValueSpecification\",\"valueRequired\":true,\"valueName\":\"search_term_string\"}}],\"inLanguage\":\"de\"}]}<\/script>\n<!-- \/ Yoast SEO plugin. -->","yoast_head_json":{"title":"Profi-Microsoft Office Extensions","description":"Steigern Sie Ihre Produktivit\u00e4t mit leistungsstarken Erweiterungen f\u00fcr Microsoft Office. Verbessern Sie Ihren Workflow in Word, Excel und mehr mit unseren innovativen L\u00f6sungen.","robots":{"index":"index","follow":"follow","max-snippet":"max-snippet:-1","max-image-preview":"max-image-preview:large","max-video-preview":"max-video-preview:-1"},"canonical":"https:\/\/office-extensions.com\/de\/","og_locale":"de_DE","og_type":"article","og_title":"Microsoft Office-Erweiterungen","og_description":"Steigern Sie Ihre Produktivit\u00e4t mit unseren Microsoft Office Extensions.","og_url":"https:\/\/office-extensions.com\/de\/","og_site_name":"Office Extensions","article_modified_time":"2025-03-07T12:22:27+00:00","og_image":[{"url":"https:\/\/9d57a12f21-endpoint.azureedge.net\/wpblob9d57a12f21\/wp-content\/uploads\/2025\/03\/SocialCard_General-1024x538.png","type":"","width":"","height":""}],"twitter_card":"summary_large_image","twitter_title":"Microsoft Office-Erweiterungen","twitter_description":"Steigern Sie Ihre Produktivit\u00e4t mit unseren Microsoft Office Extensions.","twitter_image":"https:\/\/9d57a12f21-endpoint.azureedge.net\/wpblob9d57a12f21\/wp-content\/uploads\/2025\/03\/SocialCard_General-1024x538.png","twitter_misc":{"Gesch\u00e4tzte Lesezeit":"3\u00a0Minuten"},"schema":{"@context":"https:\/\/schema.org","@graph":[{"@type":"WebPage","@id":"https:\/\/office-extensions.com\/de\/","url":"https:\/\/office-extensions.com\/de\/","name":"Profi-Microsoft Office Extensions","isPartOf":{"@id":"https:\/\/office-extensions.com\/de\/#website"},"datePublished":"2025-02-24T10:29:09+00:00","dateModified":"2025-03-07T12:22:27+00:00","description":"Steigern Sie Ihre Produktivit\u00e4t mit leistungsstarken Erweiterungen f\u00fcr Microsoft Office. Verbessern Sie Ihren Workflow in Word, Excel und mehr mit unseren innovativen L\u00f6sungen.","breadcrumb":{"@id":"https:\/\/office-extensions.com\/de\/#breadcrumb"},"inLanguage":"de","potentialAction":[{"@type":"ReadAction","target":["https:\/\/office-extensions.com\/de\/"]}]},{"@type":"BreadcrumbList","@id":"https:\/\/office-extensions.com\/de\/#breadcrumb","itemListElement":[{"@type":"ListItem","position":1,"name":"Home","item":"https:\/\/office-extensions.com\/de\/startseite\/"},{"@type":"ListItem","position":2,"name":"Startseite"}]},{"@type":"WebSite","@id":"https:\/\/office-extensions.com\/de\/#website","url":"https:\/\/office-extensions.com\/de\/","name":"Office Extensions","description":"Official Homepage","potentialAction":[{"@type":"SearchAction","target":{"@type":"EntryPoint","urlTemplate":"https:\/\/office-extensions.com\/de\/?s={search_term_string}"},"query-input":{"@type":"PropertyValueSpecification","valueRequired":true,"valueName":"search_term_string"}}],"inLanguage":"de"}]}},"_links":{"self":[{"href":"https:\/\/office-extensions.com\/de\/wp-json\/wp\/v2\/pages\/320","targetHints":{"allow":["GET"]}}],"collection":[{"href":"https:\/\/office-extensions.com\/de\/wp-json\/wp\/v2\/pages"}],"about":[{"href":"https:\/\/office-extensions.com\/de\/wp-json\/wp\/v2\/types\/page"}],"author":[{"embeddable":true,"href":"https:\/\/office-extensions.com\/de\/wp-json\/wp\/v2\/users\/1"}],"replies":[{"embeddable":true,"href":"https:\/\/office-extensions.com\/de\/wp-json\/wp\/v2\/comments?post=320"}],"version-history":[{"count":9,"href":"https:\/\/office-extensions.com\/de\/wp-json\/wp\/v2\/pages\/320\/revisions"}],"predecessor-version":[{"id":572,"href":"https:\/\/office-extensions.com\/de\/wp-json\/wp\/v2\/pages\/320\/revisions\/572"}],"wp:attachment":[{"href":"https:\/\/office-extensions.com\/de\/wp-json\/wp\/v2\/media?parent=320"}],"curies":[{"name":"wp","href":"https:\/\/api.w.org\/{rel}","templated":true}]}}