{"id":552,"date":"2025-02-28T17:50:01","date_gmt":"2025-02-28T16:50:01","guid":{"rendered":"https:\/\/office-extensions.com\/individuelle-office-erweiterungen\/"},"modified":"2025-03-07T11:31:08","modified_gmt":"2025-03-07T10:31:08","slug":"individuelle-office-erweiterungen","status":"publish","type":"page","link":"https:\/\/office-extensions.com\/de\/individuelle-office-erweiterungen\/","title":{"rendered":"Individuelle Office Erweiterungen"},"content":{"rendered":"<div id=\"cs-content\" class=\"cs-content\"><\/div>\n","protected":false},"excerpt":{"rendered":"<p>HomeIndividuelle Office ErweiterungenVertrauen Sie auf unser Know-how in der Office-EntwicklungWir entwickeln ma\u00dfgeschneiderte Microsoft Office-Erweiterungen, um Ihre Gesch\u00e4ftsprozesse zu optimieren.Mit unserer Erfahrung k\u00f6nnen wir Sie professionell beraten und Ihnen die beste L\u00f6sung f\u00fcr Ihre Bed\u00fcrfnisse liefern. Nehmen Sie unverbindlich Kontakt mit uns auf. Erweiterungstechnologien1VBA | MakroVBA (Visual Basic for Applications) ist &#8230; <\/p>\n<div><a href=\"https:\/\/office-extensions.com\/de\/individuelle-office-erweiterungen\/\" class=\"more-link\">Read More<\/a><\/div>\n","protected":false},"author":1,"featured_media":0,"parent":0,"menu_order":0,"comment_status":"closed","ping_status":"closed","template":"template-blank-4.php","meta":{"footnotes":""},"class_list":["post-552","page","type-page","status-publish","hentry","no-post-thumbnail"],"yoast_head":"<!-- This site is optimized with the Yoast SEO plugin v24.5 - https:\/\/yoast.com\/wordpress\/plugins\/seo\/ -->\n<title>Benutzerdefinierte Microsoft Office-Erweiterungen<\/title>\n<meta name=\"description\" content=\"Wir entwickeln Microsoft Office Extensions, um Ihr Gesch\u00e4ft zu verbessern. Steigern Sie Ihre Produktivit\u00e4t mit individuellen L\u00f6sungen wie Addons oder VBA (Makros).\" \/>\n<meta name=\"robots\" content=\"index, follow, max-snippet:-1, max-image-preview:large, max-video-preview:-1\" \/>\n<link rel=\"canonical\" href=\"https:\/\/office-extensions.com\/de\/individuelle-office-erweiterungen\/\" \/>\n<meta property=\"og:locale\" content=\"de_DE\" \/>\n<meta property=\"og:type\" content=\"article\" \/>\n<meta property=\"og:title\" content=\"Benutzerdefinierte Microsoft Office-Erweiterungen\" \/>\n<meta property=\"og:description\" content=\"Wir entwickeln Ihre individuelle Office-Erweiterung, um Ihr Gesch\u00e4ft zu verbessern. Entweder als Addon oder als VBA (Makro) Projekt\" \/>\n<meta property=\"og:url\" content=\"https:\/\/office-extensions.com\/de\/individuelle-office-erweiterungen\/\" \/>\n<meta property=\"og:site_name\" content=\"Office Extensions\" \/>\n<meta property=\"article:modified_time\" content=\"2025-03-07T10:31:08+00:00\" \/>\n<meta property=\"og:image\" content=\"https:\/\/9d57a12f21-endpoint.azureedge.net\/wpblob9d57a12f21\/wp-content\/uploads\/2025\/03\/SocialCardAddons_General-1024x538.png\" \/>\n<meta name=\"twitter:card\" content=\"summary_large_image\" \/>\n<meta name=\"twitter:title\" content=\"Benutzerdefinierte Microsoft Office-Erweiterungen\" \/>\n<meta name=\"twitter:description\" content=\"Wir entwickeln Ihre individuelle Office-Erweiterung, um Ihr Gesch\u00e4ft zu verbessern. Entweder als Addon oder als VBA (Makro) Projekt\" \/>\n<meta name=\"twitter:image\" content=\"https:\/\/9d57a12f21-endpoint.azureedge.net\/wpblob9d57a12f21\/wp-content\/uploads\/2025\/03\/SocialCardAddons_General-1024x538.png\" \/>\n<meta name=\"twitter:label1\" content=\"Gesch\u00e4tzte Lesezeit\" \/>\n\t<meta name=\"twitter:data1\" content=\"5\u00a0Minuten\" \/>\n<script type=\"application\/ld+json\" class=\"yoast-schema-graph\">{\"@context\":\"https:\/\/schema.org\",\"@graph\":[{\"@type\":\"WebPage\",\"@id\":\"https:\/\/office-extensions.com\/de\/individuelle-office-erweiterungen\/\",\"url\":\"https:\/\/office-extensions.com\/de\/individuelle-office-erweiterungen\/\",\"name\":\"Benutzerdefinierte Microsoft Office-Erweiterungen\",\"isPartOf\":{\"@id\":\"https:\/\/office-extensions.com\/de\/#website\"},\"datePublished\":\"2025-02-28T16:50:01+00:00\",\"dateModified\":\"2025-03-07T10:31:08+00:00\",\"description\":\"Wir entwickeln Microsoft Office Extensions, um Ihr Gesch\u00e4ft zu verbessern. Steigern Sie Ihre Produktivit\u00e4t mit individuellen L\u00f6sungen wie Addons oder VBA (Makros).\",\"breadcrumb\":{\"@id\":\"https:\/\/office-extensions.com\/de\/individuelle-office-erweiterungen\/#breadcrumb\"},\"inLanguage\":\"de\",\"potentialAction\":[{\"@type\":\"ReadAction\",\"target\":[\"https:\/\/office-extensions.com\/de\/individuelle-office-erweiterungen\/\"]}]},{\"@type\":\"BreadcrumbList\",\"@id\":\"https:\/\/office-extensions.com\/de\/individuelle-office-erweiterungen\/#breadcrumb\",\"itemListElement\":[{\"@type\":\"ListItem\",\"position\":1,\"name\":\"Home\",\"item\":\"https:\/\/office-extensions.com\/de\/startseite\/\"},{\"@type\":\"ListItem\",\"position\":2,\"name\":\"Individuelle Office Erweiterungen\"}]},{\"@type\":\"WebSite\",\"@id\":\"https:\/\/office-extensions.com\/de\/#website\",\"url\":\"https:\/\/office-extensions.com\/de\/\",\"name\":\"Office Extensions\",\"description\":\"Official Homepage\",\"potentialAction\":[{\"@type\":\"SearchAction\",\"target\":{\"@type\":\"EntryPoint\",\"urlTemplate\":\"https:\/\/office-extensions.com\/de\/?s={search_term_string}\"},\"query-input\":{\"@type\":\"PropertyValueSpecification\",\"valueRequired\":true,\"valueName\":\"search_term_string\"}}],\"inLanguage\":\"de\"}]}<\/script>\n<!-- \/ Yoast SEO plugin. -->","yoast_head_json":{"title":"Benutzerdefinierte Microsoft Office-Erweiterungen","description":"Wir entwickeln Microsoft Office Extensions, um Ihr Gesch\u00e4ft zu verbessern. Steigern Sie Ihre Produktivit\u00e4t mit individuellen L\u00f6sungen wie Addons oder VBA (Makros).","robots":{"index":"index","follow":"follow","max-snippet":"max-snippet:-1","max-image-preview":"max-image-preview:large","max-video-preview":"max-video-preview:-1"},"canonical":"https:\/\/office-extensions.com\/de\/individuelle-office-erweiterungen\/","og_locale":"de_DE","og_type":"article","og_title":"Benutzerdefinierte Microsoft Office-Erweiterungen","og_description":"Wir entwickeln Ihre individuelle Office-Erweiterung, um Ihr Gesch\u00e4ft zu verbessern. Entweder als Addon oder als VBA (Makro) Projekt","og_url":"https:\/\/office-extensions.com\/de\/individuelle-office-erweiterungen\/","og_site_name":"Office Extensions","article_modified_time":"2025-03-07T10:31:08+00:00","og_image":[{"url":"https:\/\/9d57a12f21-endpoint.azureedge.net\/wpblob9d57a12f21\/wp-content\/uploads\/2025\/03\/SocialCardAddons_General-1024x538.png","type":"","width":"","height":""}],"twitter_card":"summary_large_image","twitter_title":"Benutzerdefinierte Microsoft Office-Erweiterungen","twitter_description":"Wir entwickeln Ihre individuelle Office-Erweiterung, um Ihr Gesch\u00e4ft zu verbessern. Entweder als Addon oder als VBA (Makro) Projekt","twitter_image":"https:\/\/9d57a12f21-endpoint.azureedge.net\/wpblob9d57a12f21\/wp-content\/uploads\/2025\/03\/SocialCardAddons_General-1024x538.png","twitter_misc":{"Gesch\u00e4tzte Lesezeit":"5\u00a0Minuten"},"schema":{"@context":"https:\/\/schema.org","@graph":[{"@type":"WebPage","@id":"https:\/\/office-extensions.com\/de\/individuelle-office-erweiterungen\/","url":"https:\/\/office-extensions.com\/de\/individuelle-office-erweiterungen\/","name":"Benutzerdefinierte Microsoft Office-Erweiterungen","isPartOf":{"@id":"https:\/\/office-extensions.com\/de\/#website"},"datePublished":"2025-02-28T16:50:01+00:00","dateModified":"2025-03-07T10:31:08+00:00","description":"Wir entwickeln Microsoft Office Extensions, um Ihr Gesch\u00e4ft zu verbessern. Steigern Sie Ihre Produktivit\u00e4t mit individuellen L\u00f6sungen wie Addons oder VBA (Makros).","breadcrumb":{"@id":"https:\/\/office-extensions.com\/de\/individuelle-office-erweiterungen\/#breadcrumb"},"inLanguage":"de","potentialAction":[{"@type":"ReadAction","target":["https:\/\/office-extensions.com\/de\/individuelle-office-erweiterungen\/"]}]},{"@type":"BreadcrumbList","@id":"https:\/\/office-extensions.com\/de\/individuelle-office-erweiterungen\/#breadcrumb","itemListElement":[{"@type":"ListItem","position":1,"name":"Home","item":"https:\/\/office-extensions.com\/de\/startseite\/"},{"@type":"ListItem","position":2,"name":"Individuelle Office Erweiterungen"}]},{"@type":"WebSite","@id":"https:\/\/office-extensions.com\/de\/#website","url":"https:\/\/office-extensions.com\/de\/","name":"Office Extensions","description":"Official Homepage","potentialAction":[{"@type":"SearchAction","target":{"@type":"EntryPoint","urlTemplate":"https:\/\/office-extensions.com\/de\/?s={search_term_string}"},"query-input":{"@type":"PropertyValueSpecification","valueRequired":true,"valueName":"search_term_string"}}],"inLanguage":"de"}]}},"_links":{"self":[{"href":"https:\/\/office-extensions.com\/de\/wp-json\/wp\/v2\/pages\/552","targetHints":{"allow":["GET"]}}],"collection":[{"href":"https:\/\/office-extensions.com\/de\/wp-json\/wp\/v2\/pages"}],"about":[{"href":"https:\/\/office-extensions.com\/de\/wp-json\/wp\/v2\/types\/page"}],"author":[{"embeddable":true,"href":"https:\/\/office-extensions.com\/de\/wp-json\/wp\/v2\/users\/1"}],"replies":[{"embeddable":true,"href":"https:\/\/office-extensions.com\/de\/wp-json\/wp\/v2\/comments?post=552"}],"version-history":[{"count":1,"href":"https:\/\/office-extensions.com\/de\/wp-json\/wp\/v2\/pages\/552\/revisions"}],"predecessor-version":[{"id":553,"href":"https:\/\/office-extensions.com\/de\/wp-json\/wp\/v2\/pages\/552\/revisions\/553"}],"wp:attachment":[{"href":"https:\/\/office-extensions.com\/de\/wp-json\/wp\/v2\/media?parent=552"}],"curies":[{"name":"wp","href":"https:\/\/api.w.org\/{rel}","templated":true}]}}